{"id":2797,"date":"2021-05-19T14:28:26","date_gmt":"2021-05-19T18:28:26","guid":{"rendered":"http:\/\/connieskitchenfoods.com\/contactez-nous\/"},"modified":"2025-12-27T18:49:06","modified_gmt":"2025-12-27T23:49:06","slug":"contactez-nous","status":"publish","type":"page","link":"https:\/\/connieskitchenfoods.com\/fr\/contactez-nous\/","title":{"rendered":"Contactez-nous"},"content":{"rendered":"\t\t<div data-elementor-type=\"wp-page\" data-elementor-id=\"2797\" class=\"elementor elementor-2797 elementor-1148\" data-elementor-post-type=\"page\">\n\t\t\t\t\t\t<section class=\"elementor-section elementor-top-section elementor-element elementor-element-ca149a9 elementor-section-content-top elementor-reverse-mobile elementor-section-boxed elementor-section-height-default elementor-section-height-default\" data-id=\"ca149a9\" data-element_type=\"section\" data-e-type=\"section\">\n\t\t\t\t\t\t<div class=\"elementor-container elementor-column-gap-default\">\n\t\t\t\t\t<div class=\"elementor-column elementor-col-33 elementor-top-column elementor-element elementor-element-27eb2bc\" data-id=\"27eb2bc\" data-element_type=\"column\" data-e-type=\"column\">\n\t\t\t<div class=\"elementor-widget-wrap\">\n\t\t\t\t\t\t\t<\/div>\n\t\t<\/div>\n\t\t\t\t<div class=\"elementor-column elementor-col-33 elementor-top-column elementor-element elementor-element-beb6b95\" data-id=\"beb6b95\" data-element_type=\"column\" data-e-type=\"column\">\n\t\t\t<div class=\"elementor-widget-wrap elementor-element-populated\">\n\t\t\t\t\t\t<div class=\"elementor-element elementor-element-c9affbb elementor-widget elementor-widget-heading\" data-id=\"c9affbb\" data-element_type=\"widget\" data-e-type=\"widget\" data-widget_type=\"heading.default\">\n\t\t\t\t<div class=\"elementor-widget-container\">\n\t\t\t\t\t<h1 class=\"elementor-heading-title elementor-size-default\">Envoyez-nous un message <\/h1>\t\t\t\t<\/div>\n\t\t\t\t<\/div>\n\t\t\t\t<div class=\"elementor-element elementor-element-74a82a2 elementor-widget elementor-widget-text-editor\" data-id=\"74a82a2\" data-element_type=\"widget\" data-e-type=\"widget\" data-widget_type=\"text-editor.default\">\n\t\t\t\t<div class=\"elementor-widget-container\">\n\t\t\t\t\t\t\t\t\t<p>Vos questions et commentaires sont importants car ils nous aident \u00e0 am\u00e9liorer encore nos produits. Si vous avez une question ou un commentaire sur un produit que vous avez achet\u00e9, il vous suffit de nous envoyer un message.<\/p>\n\t\t\t\t\t\t\t\t<\/div>\n\t\t\t\t<\/div>\n\t\t\t\t<div class=\"elementor-element elementor-element-258fb90 elementor-widget elementor-widget-wpforms\" data-id=\"258fb90\" data-element_type=\"widget\" data-e-type=\"widget\" data-widget_type=\"wpforms.default\">\n\t\t\t\t<div class=\"elementor-widget-container\">\n\t\t\t\t\t<div class=\"wpforms-container \" id=\"wpforms-14\"><form id=\"wpforms-form-14\" class=\"wpforms-validate wpforms-form wpforms-ajax-form\" data-formid=\"14\" method=\"post\" enctype=\"multipart\/form-data\" action=\"\/fr\/wp-json\/wp\/v2\/pages\/2797\" data-token=\"72da042b5408e560e2d209441f603e8b\" data-token-time=\"1777998797\"><noscript class=\"wpforms-error-noscript\">Veuillez activer JavaScript dans votre navigateur pour remplir ce formulaire.<\/noscript><div class=\"wpforms-field-container\"><div id=\"wpforms-14-field_0-container\" class=\"wpforms-field wpforms-field-name\" data-field-id=\"0\"><label class=\"wpforms-field-label\" for=\"wpforms-14-field_0\">Nom <span class=\"wpforms-required-label\">*<\/span><\/label><input type=\"text\" id=\"wpforms-14-field_0\" class=\"wpforms-field-large wpforms-field-required\" name=\"wpforms[fields][0]\" required><\/div><div id=\"wpforms-14-field_1-container\" class=\"wpforms-field wpforms-field-email\" data-field-id=\"1\"><label class=\"wpforms-field-label\" for=\"wpforms-14-field_1\">Courriel <span class=\"wpforms-required-label\">*<\/span><\/label><input type=\"email\" id=\"wpforms-14-field_1\" class=\"wpforms-field-large wpforms-field-required\" name=\"wpforms[fields][1]\" spellcheck=\"false\" required><\/div><div id=\"wpforms-14-field_3-container\" class=\"wpforms-field wpforms-field-text\" data-field-id=\"3\"><label class=\"wpforms-field-label\" for=\"wpforms-14-field_3\">Sujet <span class=\"wpforms-required-label\">*<\/span><\/label><input type=\"text\" id=\"wpforms-14-field_3\" class=\"wpforms-field-large wpforms-field-required\" name=\"wpforms[fields][3]\" required><\/div><div id=\"wpforms-14-field_2-container\" class=\"wpforms-field wpforms-field-textarea\" data-field-id=\"2\"><label class=\"wpforms-field-label\" for=\"wpforms-14-field_2\">Message <span class=\"wpforms-required-label\">*<\/span><\/label><textarea id=\"wpforms-14-field_2\" class=\"wpforms-field-medium wpforms-field-required\" name=\"wpforms[fields][2]\" required><\/textarea><\/div><\/div><!-- .wpforms-field-container --><div class=\"wpforms-submit-container\" ><input type=\"hidden\" name=\"wpforms[id]\" value=\"14\"><input type=\"hidden\" name=\"page_title\" value=\"\"><input type=\"hidden\" name=\"page_url\" value=\"https:\/\/connieskitchenfoods.com\/fr\/wp-json\/wp\/v2\/pages\/2797\"><input type=\"hidden\" name=\"url_referer\" value=\"\"><button type=\"submit\" name=\"wpforms[submit]\" id=\"wpforms-submit-14\" class=\"wpforms-submit custom-bt-cntact\" data-alt-text=\"Envoi en cours...\" data-submit-text=\"Soumettre\" aria-live=\"assertive\" value=\"wpforms-submit\">Soumettre<\/button><img decoding=\"async\" src=\"https:\/\/connieskitchenfoods.com\/wp-content\/plugins\/wpforms\/assets\/images\/submit-spin.svg\" class=\"wpforms-submit-spinner\" style=\"display: none;\" width=\"26\" height=\"26\" alt=\"Chargement en cours\"><\/div><\/form><\/div>  <!-- .wpforms-container -->\t\t\t\t<\/div>\n\t\t\t\t<\/div>\n\t\t\t\t\t<\/div>\n\t\t<\/div>\n\t\t\t\t<div class=\"elementor-column elementor-col-33 elementor-top-column elementor-element elementor-element-9c5e577\" data-id=\"9c5e577\" data-element_type=\"column\" data-e-type=\"column\">\n\t\t\t<div class=\"elementor-widget-wrap\">\n\t\t\t\t\t\t\t<\/div>\n\t\t<\/div>\n\t\t\t\t\t<\/div>\n\t\t<\/section>\n\t\t\t\t<\/div>\n\t\t","protected":false},"excerpt":{"rendered":"<p>Envoyez-nous un message Vos questions et commentaires sont importants car ils nous aident \u00e0 am\u00e9liorer encore nos produits. Si vous avez une question ou un commentaire sur un produit que vous avez achet\u00e9, il vous suffit de nous envoyer un message. Please enable JavaScript in your browser to complete this form.Name *Email *Subject *Message * [&hellip;]<\/p>\n","protected":false},"author":3,"featured_media":0,"parent":0,"menu_order":4,"comment_status":"closed","ping_status":"closed","template":"","meta":{"site-sidebar-layout":"no-sidebar","site-content-layout":"page-builder","ast-site-content-layout":"default","site-content-style":"default","site-sidebar-style":"default","ast-global-header-display":"","ast-banner-title-visibility":"","ast-main-header-display":"","ast-hfb-above-header-display":"","ast-hfb-below-header-display":"","ast-hfb-mobile-header-display":"","site-post-title":"disabled","ast-breadcrumbs-content":"","ast-featured-img":"disabled","footer-sml-layout":"","ast-disable-related-posts":"","theme-transparent-header-meta":"enabled","adv-header-id-meta":"","stick-header-meta":"","header-above-stick-meta":"","header-main-stick-meta":"","header-below-stick-meta":"","astra-migrate-meta-layouts":"default","ast-page-background-enabled":"default","ast-page-background-meta":{"desktop":{"background-color":"","background-image":"","background-repeat":"repeat","background-position":"center center","background-size":"auto","background-attachment":"scroll","background-type":"","background-media":"","overlay-type":"","overlay-color":"","overlay-opacity":"","overlay-gradient":""},"tablet":{"background-color":"","background-image":"","background-repeat":"repeat","background-position":"center center","background-size":"auto","background-attachment":"scroll","background-type":"","background-media":"","overlay-type":"","overlay-color":"","overlay-opacity":"","overlay-gradient":""},"mobile":{"background-color":"","background-image":"","background-repeat":"repeat","background-position":"center center","background-size":"auto","background-attachment":"scroll","background-type":"","background-media":"","overlay-type":"","overlay-color":"","overlay-opacity":"","overlay-gradient":""}},"ast-content-background-meta":{"desktop":{"background-color":"var(--ast-global-color-5)","background-image":"","background-repeat":"repeat","background-position":"center center","background-size":"auto","background-attachment":"scroll","background-type":"","background-media":"","overlay-type":"","overlay-color":"","overlay-opacity":"","overlay-gradient":""},"tablet":{"background-color":"var(--ast-global-color-5)","background-image":"","background-repeat":"repeat","background-position":"center center","background-size":"auto","background-attachment":"scroll","background-type":"","background-media":"","overlay-type":"","overlay-color":"","overlay-opacity":"","overlay-gradient":""},"mobile":{"background-color":"var(--ast-global-color-5)","background-image":"","background-repeat":"repeat","background-position":"center center","background-size":"auto","background-attachment":"scroll","background-type":"","background-media":"","overlay-type":"","overlay-color":"","overlay-opacity":"","overlay-gradient":""}},"footnotes":""},"class_list":["post-2797","page","type-page","status-publish","hentry"],"yoast_head":"<!-- This site is optimized with the Yoast SEO plugin v27.4 - https:\/\/yoast.com\/product\/yoast-seo-wordpress\/ -->\n<title>Send us a message - question or comment - Connie&#039;s Kitchen<\/title>\n<meta name=\"description\" content=\"Vos questions et commentaires sont importants car ils nous aident \u00e0 am\u00e9liorer encore nos produits.\" \/>\n<meta name=\"robots\" content=\"index, follow, max-snippet:-1, max-image-preview:large, max-video-preview:-1\" \/>\n<link rel=\"canonical\" href=\"https:\/\/connieskitchenfoods.com\/contact-us\/\" \/>\n<meta property=\"og:locale\" content=\"fr_FR\" \/>\n<meta property=\"og:type\" content=\"article\" \/>\n<meta property=\"og:title\" content=\"Send us a message - question or comment - Connie&#039;s Kitchen\" \/>\n<meta property=\"og:description\" content=\"Vos questions et commentaires sont importants car ils nous aident \u00e0 am\u00e9liorer encore nos produits.\" \/>\n<meta property=\"og:url\" content=\"https:\/\/connieskitchenfoods.com\/contact-us\/\" \/>\n<meta property=\"og:site_name\" content=\"Connie&#039;s Kitchen\" \/>\n<meta property=\"article:modified_time\" content=\"2025-12-27T23:49:06+00:00\" \/>\n<meta property=\"og:image\" content=\"https:\/\/connieskitchenfoods.com\/wp-content\/plugins\/wpforms\/assets\/images\/submit-spin.svg\" \/>\n<meta name=\"twitter:card\" content=\"summary_large_image\" \/>\n<meta name=\"twitter:label1\" content=\"Dur\u00e9e de lecture estim\u00e9e\" \/>\n\t<meta name=\"twitter:data1\" content=\"1 minute\" \/>\n<script type=\"application\/ld+json\" class=\"yoast-schema-graph\">{\"@context\":\"https:\\\/\\\/schema.org\",\"@graph\":[{\"@type\":\"WebPage\",\"@id\":\"https:\\\/\\\/connieskitchenfoods.com\\\/contact-us\\\/\",\"url\":\"https:\\\/\\\/connieskitchenfoods.com\\\/contact-us\\\/\",\"name\":\"Send us a message - question or comment - Connie&#039;s Kitchen\",\"isPartOf\":{\"@id\":\"https:\\\/\\\/connieskitchenfoods.com\\\/#website\"},\"primaryImageOfPage\":{\"@id\":\"https:\\\/\\\/connieskitchenfoods.com\\\/contact-us\\\/#primaryimage\"},\"image\":{\"@id\":\"https:\\\/\\\/connieskitchenfoods.com\\\/contact-us\\\/#primaryimage\"},\"thumbnailUrl\":\"https:\\\/\\\/connieskitchenfoods.com\\\/wp-content\\\/plugins\\\/wpforms\\\/assets\\\/images\\\/submit-spin.svg\",\"datePublished\":\"2021-05-19T18:28:26+00:00\",\"dateModified\":\"2025-12-27T23:49:06+00:00\",\"description\":\"Vos questions et commentaires sont importants car ils nous aident \u00e0 am\u00e9liorer encore nos produits.\",\"breadcrumb\":{\"@id\":\"https:\\\/\\\/connieskitchenfoods.com\\\/contact-us\\\/#breadcrumb\"},\"inLanguage\":\"fr-FR\",\"potentialAction\":[{\"@type\":\"ReadAction\",\"target\":[\"https:\\\/\\\/connieskitchenfoods.com\\\/contact-us\\\/\"]}]},{\"@type\":\"ImageObject\",\"inLanguage\":\"fr-FR\",\"@id\":\"https:\\\/\\\/connieskitchenfoods.com\\\/contact-us\\\/#primaryimage\",\"url\":\"https:\\\/\\\/connieskitchenfoods.com\\\/wp-content\\\/plugins\\\/wpforms\\\/assets\\\/images\\\/submit-spin.svg\",\"contentUrl\":\"https:\\\/\\\/connieskitchenfoods.com\\\/wp-content\\\/plugins\\\/wpforms\\\/assets\\\/images\\\/submit-spin.svg\"},{\"@type\":\"BreadcrumbList\",\"@id\":\"https:\\\/\\\/connieskitchenfoods.com\\\/contact-us\\\/#breadcrumb\",\"itemListElement\":[{\"@type\":\"ListItem\",\"position\":1,\"name\":\"Accueil\",\"item\":\"https:\\\/\\\/connieskitchenfoods.com\\\/\"},{\"@type\":\"ListItem\",\"position\":2,\"name\":\"Contactez-nous\"}]},{\"@type\":\"WebSite\",\"@id\":\"https:\\\/\\\/connieskitchenfoods.com\\\/#website\",\"url\":\"https:\\\/\\\/connieskitchenfoods.com\\\/\",\"name\":\"Connie&#039;s Kitchen\",\"description\":\"Gourmet tous les jours\",\"publisher\":{\"@id\":\"https:\\\/\\\/connieskitchenfoods.com\\\/#organization\"},\"potentialAction\":[{\"@type\":\"SearchAction\",\"target\":{\"@type\":\"EntryPoint\",\"urlTemplate\":\"https:\\\/\\\/connieskitchenfoods.com\\\/?s={search_term_string}\"},\"query-input\":{\"@type\":\"PropertyValueSpecification\",\"valueRequired\":true,\"valueName\":\"search_term_string\"}}],\"inLanguage\":\"fr-FR\"},{\"@type\":\"Organization\",\"@id\":\"https:\\\/\\\/connieskitchenfoods.com\\\/#organization\",\"name\":\"Connie&#039;s Kitchen\",\"url\":\"https:\\\/\\\/connieskitchenfoods.com\\\/\",\"logo\":{\"@type\":\"ImageObject\",\"inLanguage\":\"fr-FR\",\"@id\":\"https:\\\/\\\/connieskitchenfoods.com\\\/#\\\/schema\\\/logo\\\/image\\\/\",\"url\":\"https:\\\/\\\/connieskitchenfoods.com\\\/wp-content\\\/uploads\\\/2020\\\/10\\\/Connies-Kitchen-Logo-EF.png\",\"contentUrl\":\"https:\\\/\\\/connieskitchenfoods.com\\\/wp-content\\\/uploads\\\/2020\\\/10\\\/Connies-Kitchen-Logo-EF.png\",\"width\":717,\"height\":389,\"caption\":\"Connie&#039;s Kitchen\"},\"image\":{\"@id\":\"https:\\\/\\\/connieskitchenfoods.com\\\/#\\\/schema\\\/logo\\\/image\\\/\"}}]}<\/script>\n<!-- \/ Yoast SEO plugin. -->","yoast_head_json":{"title":"Send us a message - question or comment - Connie&#039;s Kitchen","description":"Vos questions et commentaires sont importants car ils nous aident \u00e0 am\u00e9liorer encore nos produits.","robots":{"index":"index","follow":"follow","max-snippet":"max-snippet:-1","max-image-preview":"max-image-preview:large","max-video-preview":"max-video-preview:-1"},"canonical":"https:\/\/connieskitchenfoods.com\/contact-us\/","og_locale":"fr_FR","og_type":"article","og_title":"Send us a message - question or comment - Connie&#039;s Kitchen","og_description":"Vos questions et commentaires sont importants car ils nous aident \u00e0 am\u00e9liorer encore nos produits.","og_url":"https:\/\/connieskitchenfoods.com\/contact-us\/","og_site_name":"Connie&#039;s Kitchen","article_modified_time":"2025-12-27T23:49:06+00:00","og_image":[{"url":"https:\/\/connieskitchenfoods.com\/wp-content\/plugins\/wpforms\/assets\/images\/submit-spin.svg","type":"","width":"","height":""}],"twitter_card":"summary_large_image","twitter_misc":{"Dur\u00e9e de lecture estim\u00e9e":"1 minute"},"schema":{"@context":"https:\/\/schema.org","@graph":[{"@type":"WebPage","@id":"https:\/\/connieskitchenfoods.com\/contact-us\/","url":"https:\/\/connieskitchenfoods.com\/contact-us\/","name":"Send us a message - question or comment - Connie&#039;s Kitchen","isPartOf":{"@id":"https:\/\/connieskitchenfoods.com\/#website"},"primaryImageOfPage":{"@id":"https:\/\/connieskitchenfoods.com\/contact-us\/#primaryimage"},"image":{"@id":"https:\/\/connieskitchenfoods.com\/contact-us\/#primaryimage"},"thumbnailUrl":"https:\/\/connieskitchenfoods.com\/wp-content\/plugins\/wpforms\/assets\/images\/submit-spin.svg","datePublished":"2021-05-19T18:28:26+00:00","dateModified":"2025-12-27T23:49:06+00:00","description":"Vos questions et commentaires sont importants car ils nous aident \u00e0 am\u00e9liorer encore nos produits.","breadcrumb":{"@id":"https:\/\/connieskitchenfoods.com\/contact-us\/#breadcrumb"},"inLanguage":"fr-FR","potentialAction":[{"@type":"ReadAction","target":["https:\/\/connieskitchenfoods.com\/contact-us\/"]}]},{"@type":"ImageObject","inLanguage":"fr-FR","@id":"https:\/\/connieskitchenfoods.com\/contact-us\/#primaryimage","url":"https:\/\/connieskitchenfoods.com\/wp-content\/plugins\/wpforms\/assets\/images\/submit-spin.svg","contentUrl":"https:\/\/connieskitchenfoods.com\/wp-content\/plugins\/wpforms\/assets\/images\/submit-spin.svg"},{"@type":"BreadcrumbList","@id":"https:\/\/connieskitchenfoods.com\/contact-us\/#breadcrumb","itemListElement":[{"@type":"ListItem","position":1,"name":"Accueil","item":"https:\/\/connieskitchenfoods.com\/"},{"@type":"ListItem","position":2,"name":"Contactez-nous"}]},{"@type":"WebSite","@id":"https:\/\/connieskitchenfoods.com\/#website","url":"https:\/\/connieskitchenfoods.com\/","name":"Connie&#039;s Kitchen","description":"Gourmet tous les jours","publisher":{"@id":"https:\/\/connieskitchenfoods.com\/#organization"},"potentialAction":[{"@type":"SearchAction","target":{"@type":"EntryPoint","urlTemplate":"https:\/\/connieskitchenfoods.com\/?s={search_term_string}"},"query-input":{"@type":"PropertyValueSpecification","valueRequired":true,"valueName":"search_term_string"}}],"inLanguage":"fr-FR"},{"@type":"Organization","@id":"https:\/\/connieskitchenfoods.com\/#organization","name":"Connie&#039;s Kitchen","url":"https:\/\/connieskitchenfoods.com\/","logo":{"@type":"ImageObject","inLanguage":"fr-FR","@id":"https:\/\/connieskitchenfoods.com\/#\/schema\/logo\/image\/","url":"https:\/\/connieskitchenfoods.com\/wp-content\/uploads\/2020\/10\/Connies-Kitchen-Logo-EF.png","contentUrl":"https:\/\/connieskitchenfoods.com\/wp-content\/uploads\/2020\/10\/Connies-Kitchen-Logo-EF.png","width":717,"height":389,"caption":"Connie&#039;s Kitchen"},"image":{"@id":"https:\/\/connieskitchenfoods.com\/#\/schema\/logo\/image\/"}}]}},"_links":{"self":[{"href":"https:\/\/connieskitchenfoods.com\/fr\/wp-json\/wp\/v2\/pages\/2797","targetHints":{"allow":["GET"]}}],"collection":[{"href":"https:\/\/connieskitchenfoods.com\/fr\/wp-json\/wp\/v2\/pages"}],"about":[{"href":"https:\/\/connieskitchenfoods.com\/fr\/wp-json\/wp\/v2\/types\/page"}],"author":[{"embeddable":true,"href":"https:\/\/connieskitchenfoods.com\/fr\/wp-json\/wp\/v2\/users\/3"}],"replies":[{"embeddable":true,"href":"https:\/\/connieskitchenfoods.com\/fr\/wp-json\/wp\/v2\/comments?post=2797"}],"version-history":[{"count":6,"href":"https:\/\/connieskitchenfoods.com\/fr\/wp-json\/wp\/v2\/pages\/2797\/revisions"}],"predecessor-version":[{"id":5243,"href":"https:\/\/connieskitchenfoods.com\/fr\/wp-json\/wp\/v2\/pages\/2797\/revisions\/5243"}],"wp:attachment":[{"href":"https:\/\/connieskitchenfoods.com\/fr\/wp-json\/wp\/v2\/media?parent=2797"}],"curies":[{"name":"wp","href":"https:\/\/api.w.org\/{rel}","templated":true}]}}