{"id":3809,"date":"2024-06-27T22:40:58","date_gmt":"2024-06-28T02:40:58","guid":{"rendered":"https:\/\/connieskitchenfoods.com\/?page_id=3809"},"modified":"2025-12-27T18:48:17","modified_gmt":"2025-12-27T23:48:17","slug":"temoignages","status":"publish","type":"page","link":"https:\/\/connieskitchenfoods.com\/fr\/temoignages\/","title":{"rendered":"T\u00e9moignages"},"content":{"rendered":"\t\t<div data-elementor-type=\"wp-page\" data-elementor-id=\"3809\" class=\"elementor elementor-3809 elementor-3807\" data-elementor-post-type=\"page\">\n\t\t\t\t\t\t<section class=\"elementor-section elementor-top-section elementor-element elementor-element-26de016 elementor-section-boxed elementor-section-height-default elementor-section-height-default\" data-id=\"26de016\" data-element_type=\"section\" data-e-type=\"section\" data-settings=\"{&quot;background_background&quot;:&quot;classic&quot;}\">\n\t\t\t\t\t\t<div class=\"elementor-container elementor-column-gap-default\">\n\t\t\t\t\t<div class=\"elementor-column elementor-col-100 elementor-top-column elementor-element elementor-element-aa4d108\" data-id=\"aa4d108\" data-element_type=\"column\" data-e-type=\"column\">\n\t\t\t<div class=\"elementor-widget-wrap elementor-element-populated\">\n\t\t\t\t\t\t<div class=\"elementor-element elementor-element-471e732 elementor-widget elementor-widget-heading\" data-id=\"471e732\" data-element_type=\"widget\" data-e-type=\"widget\" data-widget_type=\"heading.default\">\n\t\t\t\t<div class=\"elementor-widget-container\">\n\t\t\t\t\t<h1 class=\"elementor-heading-title elementor-size-default\">T\u00e9moignages<\/h1>\t\t\t\t<\/div>\n\t\t\t\t<\/div>\n\t\t\t\t<div class=\"elementor-element elementor-element-9429ef1 elementor-widget-divider--view-line elementor-widget elementor-widget-divider\" data-id=\"9429ef1\" data-element_type=\"widget\" data-e-type=\"widget\" data-widget_type=\"divider.default\">\n\t\t\t\t<div class=\"elementor-widget-container\">\n\t\t\t\t\t\t\t<div class=\"elementor-divider\">\n\t\t\t<span class=\"elementor-divider-separator\">\n\t\t\t\t\t\t<\/span>\n\t\t<\/div>\n\t\t\t\t\t\t<\/div>\n\t\t\t\t<\/div>\n\t\t\t\t\t<\/div>\n\t\t<\/div>\n\t\t\t\t\t<\/div>\n\t\t<\/section>\n\t\t\t\t<section class=\"elementor-section elementor-top-section elementor-element elementor-element-ca149a9 elementor-section-content-top elementor-reverse-mobile elementor-section-boxed elementor-section-height-default elementor-section-height-default\" data-id=\"ca149a9\" data-element_type=\"section\" data-e-type=\"section\">\n\t\t\t\t\t\t<div class=\"elementor-container elementor-column-gap-default\">\n\t\t\t\t\t<div class=\"elementor-column elementor-col-100 elementor-top-column elementor-element elementor-element-beb6b95\" data-id=\"beb6b95\" data-element_type=\"column\" data-e-type=\"column\">\n\t\t\t<div class=\"elementor-widget-wrap elementor-element-populated\">\n\t\t\t\t\t\t<div class=\"elementor-element elementor-element-d573e45 elementor-arrows-position-inside elementor-pagination-position-outside elementor-widget elementor-widget-image-carousel\" data-id=\"d573e45\" data-element_type=\"widget\" data-e-type=\"widget\" data-settings=\"{&quot;navigation&quot;:&quot;both&quot;,&quot;autoplay&quot;:&quot;yes&quot;,&quot;pause_on_hover&quot;:&quot;yes&quot;,&quot;pause_on_interaction&quot;:&quot;yes&quot;,&quot;autoplay_speed&quot;:5000,&quot;infinite&quot;:&quot;yes&quot;,&quot;speed&quot;:500,&quot;image_spacing_custom&quot;:{&quot;unit&quot;:&quot;px&quot;,&quot;size&quot;:20,&quot;sizes&quot;:[]},&quot;image_spacing_custom_tablet&quot;:{&quot;unit&quot;:&quot;px&quot;,&quot;size&quot;:&quot;&quot;,&quot;sizes&quot;:[]},&quot;image_spacing_custom_mobile&quot;:{&quot;unit&quot;:&quot;px&quot;,&quot;size&quot;:&quot;&quot;,&quot;sizes&quot;:[]}}\" data-widget_type=\"image-carousel.default\">\n\t\t\t\t<div class=\"elementor-widget-container\">\n\t\t\t\t\t\t\t<div class=\"elementor-image-carousel-wrapper swiper\" role=\"region\" aria-roledescription=\"carousel\" aria-label=\"Carrousel d\u2019images\" dir=\"ltr\">\n\t\t\t<div class=\"elementor-image-carousel swiper-wrapper\" aria-live=\"off\">\n\t\t\t\t\t\t\t\t<div class=\"swiper-slide\" role=\"group\" aria-roledescription=\"slide\" aria-label=\"1 sur 3\"><figure class=\"swiper-slide-inner\"><img decoding=\"async\" class=\"swiper-slide-image\" src=\"https:\/\/connieskitchenfoods.com\/wp-content\/uploads\/elementor\/thumbs\/Connies-Kitchen-Fully-Cooked-Chicken-Burgers-936x702-1-p7brcptaoxaxnumtqadja91ig0b2wosuau1dsg5j40.jpg\" alt=\"Burgers de poulet enti\u00e8rement cuits de Connie&#039;s Kitchen\" \/><\/figure><\/div><div class=\"swiper-slide\" role=\"group\" aria-roledescription=\"slide\" aria-label=\"2 sur 3\"><figure class=\"swiper-slide-inner\"><img decoding=\"async\" class=\"swiper-slide-image\" src=\"https:\/\/connieskitchenfoods.com\/wp-content\/uploads\/elementor\/thumbs\/Connies-Kitchen-Chicken-Burger-with-Roasted-Red-Pepper-936x702-1-qjtvrnuuqfej5p9jgnphvemacwuc84gzsvntvgn75s.jpg\" alt=\"Burgers de poulet avec poivron rouge r\u00f4ti de Connie&#039;s Kitchen\" \/><\/figure><\/div><div class=\"swiper-slide\" role=\"group\" aria-roledescription=\"slide\" aria-label=\"3 sur 3\"><figure class=\"swiper-slide-inner\"><img decoding=\"async\" class=\"swiper-slide-image\" src=\"https:\/\/connieskitchenfoods.com\/wp-content\/uploads\/elementor\/thumbs\/Feta-Spinach-Sausages-936x702-2-p7p5m37ws9poz29sic4ouo3fqab9tv8uxndmrg9urk.jpg\" alt=\"F\u00e9ta et \u00e9pinards saucisses de poulet de Connie&#039;s Kitchen\" \/><\/figure><\/div>\t\t\t<\/div>\n\t\t\t\t\t\t\t\t\t\t\t\t<div class=\"elementor-swiper-button elementor-swiper-button-prev\" role=\"button\" tabindex=\"0\">\n\t\t\t\t\t\t<i aria-hidden=\"true\" class=\"eicon-chevron-left\"><\/i>\t\t\t\t\t<\/div>\n\t\t\t\t\t<div class=\"elementor-swiper-button elementor-swiper-button-next\" role=\"button\" tabindex=\"0\">\n\t\t\t\t\t\t<i aria-hidden=\"true\" class=\"eicon-chevron-right\"><\/i>\t\t\t\t\t<\/div>\n\t\t\t\t\n\t\t\t\t\t\t\t\t\t<div class=\"swiper-pagination\"><\/div>\n\t\t\t\t\t\t\t\t\t<\/div>\n\t\t\t\t\t\t<\/div>\n\t\t\t\t<\/div>\n\t\t\t\t<div class=\"elementor-element elementor-element-74a82a2 elementor-widget elementor-widget-text-editor\" data-id=\"74a82a2\" data-element_type=\"widget\" data-e-type=\"widget\" data-widget_type=\"text-editor.default\">\n\t\t\t\t<div class=\"elementor-widget-container\">\n\t\t\t\t\t\t\t\t\t<p>Bonjour, <\/p>\n\t\t\t\t\t\t\t\t<\/div>\n\t\t\t\t<\/div>\n\t\t\t\t<div class=\"elementor-element elementor-element-bf1937d elementor-widget elementor-widget-text-editor\" data-id=\"bf1937d\" data-element_type=\"widget\" data-e-type=\"widget\" data-widget_type=\"text-editor.default\">\n\t\t\t\t<div class=\"elementor-widget-container\">\n\t\t\t\t\t\t\t\t\t<p>Il y a environ 2 ans, j\u2019ai remarqu\u00e9 ces articles au Costco de Windsor et j\u2019ai achet\u00e9 les burgers de poulet. L\u2019ann\u00e9e derni\u00e8re, j\u2019ai remarqu\u00e9 les saucisses et sachant \u00e0 quel point j\u2019avais aim\u00e9 les burgers, j\u2019ai achet\u00e9 les saucisses.<\/p>\n\t\t\t\t\t\t\t\t<\/div>\n\t\t\t\t<\/div>\n\t\t\t\t<div class=\"elementor-element elementor-element-bcb7a21 elementor-widget elementor-widget-text-editor\" data-id=\"bcb7a21\" data-element_type=\"widget\" data-e-type=\"widget\" data-widget_type=\"text-editor.default\">\n\t\t\t\t<div class=\"elementor-widget-container\">\n\t\t\t\t\t\t\t\t\t<p>J\u2019ai fait provision de burgers et de saucisses au point que 3 personnes m\u2019ont arr\u00eat\u00e9e dans le magasin pour me demander pourquoi j\u2019en achetais autant. Pensant qu\u2019ils \u00e9taient en solde.<\/p>\n\t\t\t\t\t\t\t\t<\/div>\n\t\t\t\t<\/div>\n\t\t\t\t<div class=\"elementor-element elementor-element-c867575 elementor-widget elementor-widget-text-editor\" data-id=\"c867575\" data-element_type=\"widget\" data-e-type=\"widget\" data-widget_type=\"text-editor.default\">\n\t\t\t\t<div class=\"elementor-widget-container\">\n\t\t\t\t\t\t\t\t\t<p>C\u2019\u00e9tait simplement parce que ce sont les meilleurs burgers et saucisses de poulet que j\u2019aie jamais mang\u00e9s et je suis tellement triste qu\u2019ils ne soient que saisonniers chez Costco. L\u00e9gitimement, la seule raison pour laquelle je garde mon abonnement Costco toute l\u2019ann\u00e9e est pour ces articles. J\u2019en ai rempli mon cong\u00e9lateur et je ne me suis pas encore rendue chez Costco pour la premi\u00e8re fois cette ann\u00e9e pour voir s\u2019ils sont de retour.<\/p>\n\t\t\t\t\t\t\t\t<\/div>\n\t\t\t\t<\/div>\n\t\t\t\t<div class=\"elementor-element elementor-element-822403f elementor-widget elementor-widget-text-editor\" data-id=\"822403f\" data-element_type=\"widget\" data-e-type=\"widget\" data-widget_type=\"text-editor.default\">\n\t\t\t\t<div class=\"elementor-widget-container\">\n\t\t\t\t\t\t\t\t\t<p>Donc. En r\u00e9sum\u00e9, j\u2019adore vraiment ces produits. J\u2019ai de la famille et des amis qui en sont devenus des accros. Des inconnus chez Costco les ont achet\u00e9s parce que j\u2019en achetais tellement (mort de rire).<\/p>\n\t\t\t\t\t\t\t\t<\/div>\n\t\t\t\t<\/div>\n\t\t\t\t<div class=\"elementor-element elementor-element-5f506c0 elementor-widget elementor-widget-text-editor\" data-id=\"5f506c0\" data-element_type=\"widget\" data-e-type=\"widget\" data-widget_type=\"text-editor.default\">\n\t\t\t\t<div class=\"elementor-widget-container\">\n\t\t\t\t\t\t\t\t\t<p>J\u2019ai h\u00e2te de voir si Costco en a encore en stock et si ce n\u2019est pas le cas, je pense qu\u2019il vaut la peine de faire 3 heures de route pour en acheter ailleurs.<\/p>\n\t\t\t\t\t\t\t\t<\/div>\n\t\t\t\t<\/div>\n\t\t\t\t<div class=\"elementor-element elementor-element-c4c77d5 elementor-widget elementor-widget-text-editor\" data-id=\"c4c77d5\" data-element_type=\"widget\" data-e-type=\"widget\" data-widget_type=\"text-editor.default\">\n\t\t\t\t<div class=\"elementor-widget-container\">\n\t\t\t\t\t\t\t\t\t<p>Je voulais juste vous \u00e9crire pour vous dire \u00e0 quel point ces produits sont fantastiques. Je les attends avec impatience. Si savoureux et juteux. Ce sont indiscutablement les meilleurs !!!<\/p>\n\t\t\t\t\t\t\t\t<\/div>\n\t\t\t\t<\/div>\n\t\t\t\t<div class=\"elementor-element elementor-element-7946330 elementor-widget elementor-widget-image\" data-id=\"7946330\" data-element_type=\"widget\" data-e-type=\"widget\" data-widget_type=\"image.default\">\n\t\t\t\t<div class=\"elementor-widget-container\">\n\t\t\t\t\t\t\t\t\t\t\t\t\t\t\t<img decoding=\"async\" src=\"https:\/\/connieskitchenfoods.com\/wp-content\/uploads\/elementor\/thumbs\/smile-qqazb6jxm1ffbkr9v0ioi2avodg8xt8m35au84zooe.png\" title=\"Ic\u00f4ne de sourire\" alt=\"Ic\u00f4ne de sourire\" loading=\"lazy\" \/>\t\t\t\t\t\t\t\t\t\t\t\t\t\t\t<\/div>\n\t\t\t\t<\/div>\n\t\t\t\t<div class=\"elementor-element elementor-element-de3c5b9 elementor-widget elementor-widget-text-editor\" data-id=\"de3c5b9\" data-element_type=\"widget\" data-e-type=\"widget\" data-widget_type=\"text-editor.default\">\n\t\t\t\t<div class=\"elementor-widget-container\">\n\t\t\t\t\t\t\t\t\t<p>Merci<br \/>\u2013 Fan des produits Connie&rsquo;s Kitchen<\/p>\n\t\t\t\t\t\t\t\t<\/div>\n\t\t\t\t<\/div>\n\t\t\t\t\t<\/div>\n\t\t<\/div>\n\t\t\t\t\t<\/div>\n\t\t<\/section>\n\t\t\t\t<\/div>\n\t\t","protected":false},"excerpt":{"rendered":"<p>T\u00e9moignages Bonjour, Il y a environ 2 ans, j\u2019ai remarqu\u00e9 ces articles au Costco de Windsor et j\u2019ai achet\u00e9 les burgers de poulet. L\u2019ann\u00e9e derni\u00e8re, j\u2019ai remarqu\u00e9 les saucisses et sachant \u00e0 quel point j\u2019avais aim\u00e9 les burgers, j\u2019ai achet\u00e9 les saucisses. J\u2019ai fait provision de burgers et de saucisses au point que 3 personnes [&hellip;]<\/p>\n","protected":false},"author":2,"featured_media":0,"parent":0,"menu_order":3,"comment_status":"closed","ping_status":"closed","template":"","meta":{"site-sidebar-layout":"no-sidebar","site-content-layout":"page-builder","ast-site-content-layout":"full-width-container","site-content-style":"unboxed","site-sidebar-style":"unboxed","ast-global-header-display":"","ast-banner-title-visibility":"","ast-main-header-display":"","ast-hfb-above-header-display":"","ast-hfb-below-header-display":"","ast-hfb-mobile-header-display":"","site-post-title":"disabled","ast-breadcrumbs-content":"","ast-featured-img":"disabled","footer-sml-layout":"","ast-disable-related-posts":"","theme-transparent-header-meta":"enabled","adv-header-id-meta":"","stick-header-meta":"","header-above-stick-meta":"","header-main-stick-meta":"","header-below-stick-meta":"","astra-migrate-meta-layouts":"set","ast-page-background-enabled":"default","ast-page-background-meta":{"desktop":{"background-color":"","background-image":"","background-repeat":"repeat","background-position":"center center","background-size":"auto","background-attachment":"scroll","background-type":"","background-media":"","overlay-type":"","overlay-color":"","overlay-opacity":"","overlay-gradient":""},"tablet":{"background-color":"","background-image":"","background-repeat":"repeat","background-position":"center center","background-size":"auto","background-attachment":"scroll","background-type":"","background-media":"","overlay-type":"","overlay-color":"","overlay-opacity":"","overlay-gradient":""},"mobile":{"background-color":"","background-image":"","background-repeat":"repeat","background-position":"center center","background-size":"auto","background-attachment":"scroll","background-type":"","background-media":"","overlay-type":"","overlay-color":"","overlay-opacity":"","overlay-gradient":""}},"ast-content-background-meta":{"desktop":{"background-color":"var(--ast-global-color-5)","background-image":"","background-repeat":"repeat","background-position":"center center","background-size":"auto","background-attachment":"scroll","background-type":"","background-media":"","overlay-type":"","overlay-color":"","overlay-opacity":"","overlay-gradient":""},"tablet":{"background-color":"var(--ast-global-color-5)","background-image":"","background-repeat":"repeat","background-position":"center center","background-size":"auto","background-attachment":"scroll","background-type":"","background-media":"","overlay-type":"","overlay-color":"","overlay-opacity":"","overlay-gradient":""},"mobile":{"background-color":"var(--ast-global-color-5)","background-image":"","background-repeat":"repeat","background-position":"center center","background-size":"auto","background-attachment":"scroll","background-type":"","background-media":"","overlay-type":"","overlay-color":"","overlay-opacity":"","overlay-gradient":""}},"footnotes":""},"class_list":["post-3809","page","type-page","status-publish","hentry"],"yoast_head":"<!-- This site is optimized with the Yoast SEO plugin v27.4 - https:\/\/yoast.com\/product\/yoast-seo-wordpress\/ -->\n<title>T\u00e9moignages - Connie&#039;s Kitchen<\/title>\n<meta name=\"description\" content=\"T\u00e9moignages. Commentaires et compliments de nos clients. Les burgers de poulet et les saucisses de poulet de Connie&#039;s Kitchen.\" \/>\n<meta name=\"robots\" content=\"index, follow, max-snippet:-1, max-image-preview:large, max-video-preview:-1\" \/>\n<link rel=\"canonical\" href=\"https:\/\/connieskitchenfoods.com\/testimonials\/\" \/>\n<meta property=\"og:locale\" content=\"fr_FR\" \/>\n<meta property=\"og:type\" content=\"article\" \/>\n<meta property=\"og:title\" content=\"T\u00e9moignages - Connie&#039;s Kitchen\" \/>\n<meta property=\"og:description\" content=\"T\u00e9moignages. Commentaires et compliments de nos clients. Les burgers de poulet et les saucisses de poulet de Connie&#039;s Kitchen.\" \/>\n<meta property=\"og:url\" content=\"https:\/\/connieskitchenfoods.com\/testimonials\/\" \/>\n<meta property=\"og:site_name\" content=\"Connie&#039;s Kitchen\" \/>\n<meta property=\"article:modified_time\" content=\"2025-12-27T23:48:17+00:00\" \/>\n<meta property=\"og:image\" content=\"https:\/\/connieskitchenfoods.com\/wp-content\/uploads\/elementor\/thumbs\/Connies-Kitchen-Fully-Cooked-Chicken-Burgers-936x702-1-p7brcptaoxaxnumtqadja91ig0b2wosuau1dsg5j40.jpg\" \/>\n<meta name=\"twitter:card\" content=\"summary_large_image\" \/>\n<meta name=\"twitter:label1\" content=\"Dur\u00e9e de lecture estim\u00e9e\" \/>\n\t<meta name=\"twitter:data1\" content=\"4 minutes\" \/>\n<script type=\"application\/ld+json\" class=\"yoast-schema-graph\">{\"@context\":\"https:\\\/\\\/schema.org\",\"@graph\":[{\"@type\":\"WebPage\",\"@id\":\"https:\\\/\\\/connieskitchenfoods.com\\\/testimonials\\\/\",\"url\":\"https:\\\/\\\/connieskitchenfoods.com\\\/testimonials\\\/\",\"name\":\"T\u00e9moignages - Connie&#039;s Kitchen\",\"isPartOf\":{\"@id\":\"https:\\\/\\\/connieskitchenfoods.com\\\/#website\"},\"primaryImageOfPage\":{\"@id\":\"https:\\\/\\\/connieskitchenfoods.com\\\/testimonials\\\/#primaryimage\"},\"image\":{\"@id\":\"https:\\\/\\\/connieskitchenfoods.com\\\/testimonials\\\/#primaryimage\"},\"thumbnailUrl\":\"https:\\\/\\\/connieskitchenfoods.com\\\/wp-content\\\/uploads\\\/elementor\\\/thumbs\\\/Connies-Kitchen-Fully-Cooked-Chicken-Burgers-936x702-1-p7brcptaoxaxnumtqadja91ig0b2wosuau1dsg5j40.jpg\",\"datePublished\":\"2024-06-28T02:40:58+00:00\",\"dateModified\":\"2025-12-27T23:48:17+00:00\",\"description\":\"T\u00e9moignages. Commentaires et compliments de nos clients. Les burgers de poulet et les saucisses de poulet de Connie's Kitchen.\",\"breadcrumb\":{\"@id\":\"https:\\\/\\\/connieskitchenfoods.com\\\/testimonials\\\/#breadcrumb\"},\"inLanguage\":\"fr-FR\",\"potentialAction\":[{\"@type\":\"ReadAction\",\"target\":[\"https:\\\/\\\/connieskitchenfoods.com\\\/testimonials\\\/\"]}]},{\"@type\":\"ImageObject\",\"inLanguage\":\"fr-FR\",\"@id\":\"https:\\\/\\\/connieskitchenfoods.com\\\/testimonials\\\/#primaryimage\",\"url\":\"https:\\\/\\\/connieskitchenfoods.com\\\/wp-content\\\/uploads\\\/elementor\\\/thumbs\\\/Connies-Kitchen-Fully-Cooked-Chicken-Burgers-936x702-1-p7brcptaoxaxnumtqadja91ig0b2wosuau1dsg5j40.jpg\",\"contentUrl\":\"https:\\\/\\\/connieskitchenfoods.com\\\/wp-content\\\/uploads\\\/elementor\\\/thumbs\\\/Connies-Kitchen-Fully-Cooked-Chicken-Burgers-936x702-1-p7brcptaoxaxnumtqadja91ig0b2wosuau1dsg5j40.jpg\"},{\"@type\":\"BreadcrumbList\",\"@id\":\"https:\\\/\\\/connieskitchenfoods.com\\\/testimonials\\\/#breadcrumb\",\"itemListElement\":[{\"@type\":\"ListItem\",\"position\":1,\"name\":\"Accueil\",\"item\":\"https:\\\/\\\/connieskitchenfoods.com\\\/\"},{\"@type\":\"ListItem\",\"position\":2,\"name\":\"T\u00e9moignages\"}]},{\"@type\":\"WebSite\",\"@id\":\"https:\\\/\\\/connieskitchenfoods.com\\\/#website\",\"url\":\"https:\\\/\\\/connieskitchenfoods.com\\\/\",\"name\":\"Connie&#039;s Kitchen\",\"description\":\"Gourmet tous les jours\",\"publisher\":{\"@id\":\"https:\\\/\\\/connieskitchenfoods.com\\\/#organization\"},\"potentialAction\":[{\"@type\":\"SearchAction\",\"target\":{\"@type\":\"EntryPoint\",\"urlTemplate\":\"https:\\\/\\\/connieskitchenfoods.com\\\/?s={search_term_string}\"},\"query-input\":{\"@type\":\"PropertyValueSpecification\",\"valueRequired\":true,\"valueName\":\"search_term_string\"}}],\"inLanguage\":\"fr-FR\"},{\"@type\":\"Organization\",\"@id\":\"https:\\\/\\\/connieskitchenfoods.com\\\/#organization\",\"name\":\"Connie&#039;s Kitchen\",\"url\":\"https:\\\/\\\/connieskitchenfoods.com\\\/\",\"logo\":{\"@type\":\"ImageObject\",\"inLanguage\":\"fr-FR\",\"@id\":\"https:\\\/\\\/connieskitchenfoods.com\\\/#\\\/schema\\\/logo\\\/image\\\/\",\"url\":\"https:\\\/\\\/connieskitchenfoods.com\\\/wp-content\\\/uploads\\\/2020\\\/10\\\/Connies-Kitchen-Logo-EF.png\",\"contentUrl\":\"https:\\\/\\\/connieskitchenfoods.com\\\/wp-content\\\/uploads\\\/2020\\\/10\\\/Connies-Kitchen-Logo-EF.png\",\"width\":717,\"height\":389,\"caption\":\"Connie&#039;s Kitchen\"},\"image\":{\"@id\":\"https:\\\/\\\/connieskitchenfoods.com\\\/#\\\/schema\\\/logo\\\/image\\\/\"}}]}<\/script>\n<!-- \/ Yoast SEO plugin. -->","yoast_head_json":{"title":"T\u00e9moignages - Connie&#039;s Kitchen","description":"T\u00e9moignages. Commentaires et compliments de nos clients. Les burgers de poulet et les saucisses de poulet de Connie's Kitchen.","robots":{"index":"index","follow":"follow","max-snippet":"max-snippet:-1","max-image-preview":"max-image-preview:large","max-video-preview":"max-video-preview:-1"},"canonical":"https:\/\/connieskitchenfoods.com\/testimonials\/","og_locale":"fr_FR","og_type":"article","og_title":"T\u00e9moignages - Connie&#039;s Kitchen","og_description":"T\u00e9moignages. Commentaires et compliments de nos clients. Les burgers de poulet et les saucisses de poulet de Connie's Kitchen.","og_url":"https:\/\/connieskitchenfoods.com\/testimonials\/","og_site_name":"Connie&#039;s Kitchen","article_modified_time":"2025-12-27T23:48:17+00:00","og_image":[{"url":"https:\/\/connieskitchenfoods.com\/wp-content\/uploads\/elementor\/thumbs\/Connies-Kitchen-Fully-Cooked-Chicken-Burgers-936x702-1-p7brcptaoxaxnumtqadja91ig0b2wosuau1dsg5j40.jpg","type":"","width":"","height":""}],"twitter_card":"summary_large_image","twitter_misc":{"Dur\u00e9e de lecture estim\u00e9e":"4 minutes"},"schema":{"@context":"https:\/\/schema.org","@graph":[{"@type":"WebPage","@id":"https:\/\/connieskitchenfoods.com\/testimonials\/","url":"https:\/\/connieskitchenfoods.com\/testimonials\/","name":"T\u00e9moignages - Connie&#039;s Kitchen","isPartOf":{"@id":"https:\/\/connieskitchenfoods.com\/#website"},"primaryImageOfPage":{"@id":"https:\/\/connieskitchenfoods.com\/testimonials\/#primaryimage"},"image":{"@id":"https:\/\/connieskitchenfoods.com\/testimonials\/#primaryimage"},"thumbnailUrl":"https:\/\/connieskitchenfoods.com\/wp-content\/uploads\/elementor\/thumbs\/Connies-Kitchen-Fully-Cooked-Chicken-Burgers-936x702-1-p7brcptaoxaxnumtqadja91ig0b2wosuau1dsg5j40.jpg","datePublished":"2024-06-28T02:40:58+00:00","dateModified":"2025-12-27T23:48:17+00:00","description":"T\u00e9moignages. Commentaires et compliments de nos clients. Les burgers de poulet et les saucisses de poulet de Connie's Kitchen.","breadcrumb":{"@id":"https:\/\/connieskitchenfoods.com\/testimonials\/#breadcrumb"},"inLanguage":"fr-FR","potentialAction":[{"@type":"ReadAction","target":["https:\/\/connieskitchenfoods.com\/testimonials\/"]}]},{"@type":"ImageObject","inLanguage":"fr-FR","@id":"https:\/\/connieskitchenfoods.com\/testimonials\/#primaryimage","url":"https:\/\/connieskitchenfoods.com\/wp-content\/uploads\/elementor\/thumbs\/Connies-Kitchen-Fully-Cooked-Chicken-Burgers-936x702-1-p7brcptaoxaxnumtqadja91ig0b2wosuau1dsg5j40.jpg","contentUrl":"https:\/\/connieskitchenfoods.com\/wp-content\/uploads\/elementor\/thumbs\/Connies-Kitchen-Fully-Cooked-Chicken-Burgers-936x702-1-p7brcptaoxaxnumtqadja91ig0b2wosuau1dsg5j40.jpg"},{"@type":"BreadcrumbList","@id":"https:\/\/connieskitchenfoods.com\/testimonials\/#breadcrumb","itemListElement":[{"@type":"ListItem","position":1,"name":"Accueil","item":"https:\/\/connieskitchenfoods.com\/"},{"@type":"ListItem","position":2,"name":"T\u00e9moignages"}]},{"@type":"WebSite","@id":"https:\/\/connieskitchenfoods.com\/#website","url":"https:\/\/connieskitchenfoods.com\/","name":"Connie&#039;s Kitchen","description":"Gourmet tous les jours","publisher":{"@id":"https:\/\/connieskitchenfoods.com\/#organization"},"potentialAction":[{"@type":"SearchAction","target":{"@type":"EntryPoint","urlTemplate":"https:\/\/connieskitchenfoods.com\/?s={search_term_string}"},"query-input":{"@type":"PropertyValueSpecification","valueRequired":true,"valueName":"search_term_string"}}],"inLanguage":"fr-FR"},{"@type":"Organization","@id":"https:\/\/connieskitchenfoods.com\/#organization","name":"Connie&#039;s Kitchen","url":"https:\/\/connieskitchenfoods.com\/","logo":{"@type":"ImageObject","inLanguage":"fr-FR","@id":"https:\/\/connieskitchenfoods.com\/#\/schema\/logo\/image\/","url":"https:\/\/connieskitchenfoods.com\/wp-content\/uploads\/2020\/10\/Connies-Kitchen-Logo-EF.png","contentUrl":"https:\/\/connieskitchenfoods.com\/wp-content\/uploads\/2020\/10\/Connies-Kitchen-Logo-EF.png","width":717,"height":389,"caption":"Connie&#039;s Kitchen"},"image":{"@id":"https:\/\/connieskitchenfoods.com\/#\/schema\/logo\/image\/"}}]}},"_links":{"self":[{"href":"https:\/\/connieskitchenfoods.com\/fr\/wp-json\/wp\/v2\/pages\/3809","targetHints":{"allow":["GET"]}}],"collection":[{"href":"https:\/\/connieskitchenfoods.com\/fr\/wp-json\/wp\/v2\/pages"}],"about":[{"href":"https:\/\/connieskitchenfoods.com\/fr\/wp-json\/wp\/v2\/types\/page"}],"author":[{"embeddable":true,"href":"https:\/\/connieskitchenfoods.com\/fr\/wp-json\/wp\/v2\/users\/2"}],"replies":[{"embeddable":true,"href":"https:\/\/connieskitchenfoods.com\/fr\/wp-json\/wp\/v2\/comments?post=3809"}],"version-history":[{"count":36,"href":"https:\/\/connieskitchenfoods.com\/fr\/wp-json\/wp\/v2\/pages\/3809\/revisions"}],"predecessor-version":[{"id":4342,"href":"https:\/\/connieskitchenfoods.com\/fr\/wp-json\/wp\/v2\/pages\/3809\/revisions\/4342"}],"wp:attachment":[{"href":"https:\/\/connieskitchenfoods.com\/fr\/wp-json\/wp\/v2\/media?parent=3809"}],"curies":[{"name":"wp","href":"https:\/\/api.w.org\/{rel}","templated":true}]}}